{"id":1619,"date":"2017-04-04T16:30:00","date_gmt":"2017-04-04T14:30:00","guid":{"rendered":"http:\/\/cellerruderverein.de\/?page_id=1619"},"modified":"2024-12-05T09:21:42","modified_gmt":"2024-12-05T08:21:42","slug":"vereinsmitteilungen","status":"publish","type":"page","link":"https:\/\/cellerruderverein.de\/?page_id=1619","title":{"rendered":"Vereinsmitteilungen"},"content":{"rendered":"<p dir=\"auto\"><a href=\"https:\/\/i0.wp.com\/cellerruderverein.de\/wp-content\/uploads\/2018\/04\/VM-Logo_full_3_full.jpg?ssl=1\"><img data-recalc-dims=\"1\" decoding=\"async\" class=\"alignright\" src=\"https:\/\/i0.wp.com\/cellerruderverein.de\/wp-content\/uploads\/2019\/09\/VM-Logo_full_3.jpg?w=800&#038;ssl=1\" align=\"right\" \/><\/a><\/p>\n<p dir=\"auto\"><strong>2024<\/strong><\/p>\n<p dir=\"auto\"><a href=\"https:\/\/cellerruderverein.de\/wp-content\/uploads\/2024\/04\/1-2024Web.pdf\" target=\"_blank\" rel=\"noopener\">Heft 1-2024<\/a><br \/>\n<a href=\"https:\/\/cellerruderverein.de\/wp-content\/uploads\/2024\/12\/2und3-2024.pdf\" target=\"_blank\" rel=\"noopener\">Heft 2+3-2024<\/a><\/p>\n<p dir=\"auto\"><strong>2023<\/strong><\/p>\n<p dir=\"auto\"><a href=\"https:\/\/cellerruderverein.de\/wp-content\/uploads\/2023\/07\/CRV-1-2023-klein.pdf\" target=\"_blank\" rel=\"noopener\">Heft 1-2023<\/a><\/p>\n<p dir=\"auto\"><a href=\"https:\/\/cellerruderverein.de\/wp-content\/uploads\/2023\/11\/2-2023.pdf\" target=\"_blank\" rel=\"noopener\">Heft 2-2023<\/a><\/p>\n<p dir=\"auto\"><a href=\"https:\/\/cellerruderverein.de\/wp-content\/uploads\/2023\/12\/3-2023.pdf\" target=\"_blank\" rel=\"noopener\">Heft 3-2023<\/a><\/p>\n<p dir=\"auto\"><strong>2022<br \/>\n<\/strong><a href=\"https:\/\/cellerruderverein.de\/wp-content\/uploads\/2022\/05\/CRV-1-2022-klein.pdf\" target=\"_blank\" rel=\"noopener\">Heft 1-2022<\/a><\/p>\n<p dir=\"auto\"><a href=\"https:\/\/cellerruderverein.de\/wp-content\/uploads\/2022\/10\/CRV-2-2022-klein.pdf\" target=\"_blank\" rel=\"noopener\">Heft 2-2022<\/a><\/p>\n<p dir=\"auto\"><a href=\"https:\/\/cellerruderverein.de\/wp-content\/uploads\/2022\/12\/CRV-3-2022-klein.pdf\" target=\"_blank\" rel=\"noopener\">Heft3-2022<\/a><\/p>\n<p><strong>2021<\/strong><\/p>\n<p dir=\"auto\"><a href=\"https:\/\/cellerruderverein.de\/wp-content\/uploads\/2021\/05\/CRV-1-2021.pdf\" target=\"_blank\" rel=\"noopener\">Heft 1-2021<\/a><\/p>\n<p dir=\"auto\"><a href=\"https:\/\/cellerruderverein.de\/wp-content\/uploads\/2021\/10\/CRV-2-2021-online.pdf\" target=\"_blank\" rel=\"noopener\">Heft 2-2021<\/a><\/p>\n<p dir=\"auto\"><a href=\"https:\/\/cellerruderverein.de\/wp-content\/uploads\/2022\/01\/CRV-3-2021-klein.pdf\" target=\"_blank\" rel=\"noopener\">Heft 3-2021<\/a><\/p>\n<p><strong>2020<\/strong><\/p>\n<p><a href=\"https:\/\/cellerruderverein.de\/wp-content\/uploads\/2020\/03\/CRV-1-2020-Web.pdf\" target=\"_blank\" rel=\"noopener noreferrer\">Heft 1-2020<\/a><\/p>\n<p><a href=\"https:\/\/cellerruderverein.de\/wp-content\/uploads\/2020\/08\/CRV-2-2020-klein.pdf\" target=\"_blank\" rel=\"noopener noreferrer\">Heft 2-2020<\/a><\/p>\n<p><a href=\"https:\/\/cellerruderverein.de\/wp-content\/uploads\/2020\/12\/CRV-3-2020-klein.pdf\" target=\"_blank\" rel=\"noopener\">Heft 3-2020<\/a><\/p>\n<p dir=\"auto\">2019<\/p>\n<p dir=\"auto\"><a href=\"https:\/\/cellerruderverein.de\/wp-content\/uploads\/2019\/04\/CRV-1-2019-Homepage.pdf\" target=\"_blank\" rel=\"noopener noreferrer\">Heft 1-2019<\/a><\/p>\n<p dir=\"auto\"><a href=\"https:\/\/cellerruderverein.de\/wp-content\/uploads\/2019\/09\/CRV-2-2019-Web.pdf\" target=\"_blank\" rel=\"noopener noreferrer\">Heft 2-2019<\/a><\/p>\n<p dir=\"auto\"><a href=\"https:\/\/cellerruderverein.de\/wp-content\/uploads\/2019\/11\/CRV-3-2019-klein.pdf\" target=\"_blank\" rel=\"noopener noreferrer\">Heft 3-2019<\/a><\/p>\n<p dir=\"auto\">2018<\/p>\n<p dir=\"auto\"><a href=\"https:\/\/cellerruderverein.de\/wp-content\/uploads\/2018\/04\/CRV-1-2018.pdf\" target=\"_blank\" rel=\"noopener noreferrer\">Heft 1-2018<\/a><\/p>\n<p dir=\"auto\"><a href=\"https:\/\/cellerruderverein.de\/wp-content\/uploads\/2018\/11\/CRV-2-2018-Online.pdf\" target=\"_blank\" rel=\"noopener noreferrer\">Heft 2-2018<\/a><\/p>\n<p dir=\"auto\"><a href=\"https:\/\/cellerruderverein.de\/wp-content\/uploads\/2019\/01\/CRV-3-2018-Homepage.pdf\" target=\"_blank\" rel=\"noopener noreferrer\">Heft 3-2018<\/a><\/p>\n<p dir=\"auto\">2017<\/p>\n<p dir=\"auto\"><a href=\"https:\/\/cellerruderverein.de\/wp-content\/uploads\/2017\/05\/CRV-1-2017.pdf\" target=\"_blank\" rel=\"noopener noreferrer\">Heft 1-2017<\/a><\/p>\n<p dir=\"auto\"><a href=\"https:\/\/cellerruderverein.de\/wp-content\/uploads\/2017\/09\/CRV-2-2017-Internet.pdf\" target=\"_blank\" rel=\"noopener noreferrer\">Heft 2-2017<\/a><\/p>\n<p dir=\"auto\"><a href=\"https:\/\/cellerruderverein.de\/wp-content\/uploads\/2017\/12\/CRV-3-2017-Web.pdf\" target=\"_blank\" rel=\"noopener noreferrer\">Heft 3-2017<\/a><\/p>\n<p dir=\"ltr\">2016<\/p>\n<p dir=\"ltr\"><a href=\"https:\/\/cellerruderverein.de\/wp-content\/uploads\/2016\/03\/CRV12016.pdf\" target=\"_blank\" rel=\"noopener noreferrer\">Heft 1-2016<\/a><\/p>\n<p dir=\"ltr\"><a href=\"https:\/\/cellerruderverein.de\/wp-content\/uploads\/2017\/04\/CRV-2-2016.pdf\" target=\"_blank\" rel=\"noopener noreferrer\">Heft 2-2016<\/a><\/p>\n<p dir=\"ltr\"><a href=\"https:\/\/cellerruderverein.de\/wp-content\/uploads\/2012\/09\/CRV-3-2016-Online.pdf\" target=\"_blank\" rel=\"noopener noreferrer\">Heft 3-2016<\/a><\/p>\n<p dir=\"ltr\"><a href=\"https:\/\/cellerruderverein.de\/wp-content\/uploads\/2017\/04\/CRV-4-2016.pdf\" target=\"_blank\" rel=\"noopener noreferrer\">Heft 4-2016<\/a><\/p>\n<p dir=\"auto\">2015<\/p>\n<p dir=\"auto\"><a href=\"https:\/\/cellerruderverein.de\/wp-content\/uploads\/2015\/04\/CRV-1-2015-klein.pdf\" target=\"_blank\" rel=\"noopener noreferrer\">Heft 1-2015<\/a><\/p>\n<p dir=\"auto\"><a href=\"https:\/\/cellerruderverein.de\/wp-content\/uploads\/2017\/04\/CRV-2-2015-klein.pdf\" target=\"_blank\" rel=\"noopener noreferrer\">Heft 2-2015<\/a><\/p>\n<p dir=\"auto\"><a href=\"https:\/\/cellerruderverein.de\/wp-content\/uploads\/2015\/11\/CRV-3-2015-klein.pdf\" target=\"_blank\" rel=\"noopener noreferrer\">Heft 3-2015<\/a><\/p>\n<p dir=\"auto\"><a href=\"https:\/\/cellerruderverein.de\/wp-content\/uploads\/2016\/01\/CRV-4-2015.pdf\" target=\"_blank\" rel=\"noopener noreferrer\">Heft 4-2015<\/a><\/p>\n<p dir=\"auto\">2014<\/p>\n<p dir=\"auto\"><a href=\"https:\/\/cellerruderverein.de\/wp-content\/uploads\/2014\/03\/CRV-1-2014-klein.pdf\" target=\"_blank\" rel=\"noopener noreferrer\">Heft 1-2014<\/a><\/p>\n<p dir=\"auto\"><a href=\"http:\/\/ https:\/\/cellerruderverein.de\/wp-content\/uploads\/2015\/01\/CRV-2-2014-klein.pdf\" target=\"_blank\" rel=\"noopener noreferrer\">Heft 2-2014<\/a><\/p>\n<p dir=\"auto\"><a href=\"http:\/\/ https:\/\/cellerruderverein.de\/wp-content\/uploads\/2015\/01\/CRV-3-2014-klein.pdf\" target=\"_blank\" rel=\"noopener noreferrer\">Heft 3-2014<\/a><\/p>\n<p dir=\"auto\"><a href=\"http:\/\/ https:\/\/cellerruderverein.de\/wp-content\/uploads\/2015\/01\/CRV-4-2014-klein.pdf\" target=\"_blank\" rel=\"noopener noreferrer\">Heft 4-2014<\/a><\/p>\n<p dir=\"auto\">2013<\/p>\n<p dir=\"auto\"><a href=\"http:\/\/ https:\/\/cellerruderverein.de\/wp-content\/uploads\/2012\/09\/CRV1-2013.pdf\" target=\"_blank\" rel=\"noopener noreferrer\">Heft 1-2013<\/a><\/p>\n<p dir=\"auto\"><a href=\"http:\/\/ https:\/\/cellerruderverein.de\/wp-content\/uploads\/2013\/08\/CRV2-2013.pdf\" target=\"_blank\" rel=\"noopener noreferrer\">Heft 2-2013<\/a><\/p>\n<p dir=\"auto\"><a href=\"http:\/\/ https:\/\/cellerruderverein.de\/wp-content\/uploads\/2015\/01\/CRV-3-2013-klein.pdf\" target=\"_blank\" rel=\"noopener noreferrer\">Heft 3-2013<\/a><\/p>\n<p dir=\"auto\"><a href=\"http:\/\/ https:\/\/cellerruderverein.de\/wp-content\/uploads\/2014\/02\/CRV4-20131.pdf\" target=\"_blank\" rel=\"noopener noreferrer\">Heft 4-2013<\/a><\/p>\n<p dir=\"auto\">2012<\/p>\n<p dir=\"auto\"><a href=\"http:\/\/ https:\/\/cellerruderverein.de\/wp-content\/uploads\/2012\/09\/CRV-1-2012.pdf\" target=\"_blank\" rel=\"noopener noreferrer\">Heft 1-2012<\/a><\/p>\n<p dir=\"auto\"><a href=\"http:\/\/ https:\/\/cellerruderverein.de\/wp-content\/uploads\/2012\/09\/CRV-2-2012.pdf\" target=\"_blank\" rel=\"noopener noreferrer\">Heft 2-2012<\/a><\/p>\n<p dir=\"auto\"><a href=\"http:\/\/ https:\/\/cellerruderverein.de\/wp-content\/uploads\/2012\/10\/CRV-3-2012.pdf\" target=\"_blank\" rel=\"noopener noreferrer\">Heft 3-2012<\/a><\/p>\n<p dir=\"auto\"><a href=\"http:\/\/ https:\/\/cellerruderverein.de\/wp-content\/uploads\/2012\/12\/CRV4-2012.pdf\" target=\"_blank\" rel=\"noopener noreferrer\">Heft 4-2012<\/a><\/p>\n<p dir=\"auto\">2011<\/p>\n<p dir=\"auto\">Heft 1-2011<\/p>\n<p dir=\"auto\">Heft 2-2011<\/p>\n<p dir=\"auto\">Heft 3-2011<\/p>\n<p><a href=\"http:\/\/ https:\/\/cellerruderverein.de\/wp-content\/uploads\/2012\/09\/CRV-4-2011.pdf\" target=\"_blank\" rel=\"noopener noreferrer\">Heft 4-2011<\/a><\/p>\n","protected":false},"excerpt":{"rendered":"<p>2024 Heft 1-2024 Heft 2+3-2024 2023 Heft 1-2023 Heft 2-2023 Heft 3-2023 2022 Heft 1-2022 Heft 2-2022 Heft3-2022 2021 Heft 1-2021 Heft 2-2021 Heft 3-2021 2020 Heft 1-2020 Heft 2-2020 Heft 3-2020 2019 Heft 1-2019 Heft 2-2019 Heft 3-2019 2018 Heft 1-2018 Heft 2-2018 Heft 3-2018 2017 Heft 1-2017 Heft 2-2017 Heft 3-2017 2016 Heft 1-2016 Heft 2-2016 Heft 3-2016 Heft 4-2016 2015 Heft 1-2015 Heft 2-2015 Heft 3-2015 Heft 4-2015 2014 Heft 1-2014 Heft \u2026 <a class=\"continue-reading-link\" href=\"https:\/\/cellerruderverein.de\/?page_id=1619\"> Weiterlesen <span class=\"meta-nav\">&rarr; <\/span><\/a><\/p>\n","protected":false},"author":1,"featured_media":0,"parent":0,"menu_order":0,"comment_status":"closed","ping_status":"closed","template":"","meta":{"jetpack_post_was_ever_published":false,"footnotes":""},"class_list":["post-1619","page","type-page","status-publish","hentry"],"jetpack-related-posts":[{"id":3938,"url":"https:\/\/cellerruderverein.de\/?page_id=3938","url_meta":{"origin":1619,"position":0},"title":"Sommerfest 2023","author":"Admin","date":"24. Juli 2023","format":false,"excerpt":"CRV - Sommerfest am 02.09.2023 ab 17:00 Uhr Liebe Vereinsmitglieder, unser Sommerfest r\u00fcckt n\u00e4her und uns haben verschiedene Fragen dazu erreicht, die wir Euch gerne beantworten m\u00f6chten: Muss ich mein eigenes Geschirr und Besteck mitbringen? Nein, m\u00fcsst Ihr nicht. Nat\u00fcrlich gibt es auch Geschirr und Besteck aus dem Bootshaus. Wer\u2026","rel":"","context":"\u00c4hnlicher Beitrag","block_context":{"text":"\u00c4hnlicher Beitrag","link":""},"img":{"alt_text":"","src":"","width":0,"height":0},"classes":[]},{"id":3947,"url":"https:\/\/cellerruderverein.de\/?page_id=3947","url_meta":{"origin":1619,"position":1},"title":"Kartenbestellung Ruderball 2024","author":"Admin","date":"12. September 2023","format":false,"excerpt":"Hier k\u00f6nnen Sie verbindlich Eintrittskarten f\u00fcr den Ruderball des Celler Rudervereins am 10.02.2024 um 19:00 Uhr in der Congress Union Celle bestellen. Im Preis enthalten sind die \u00fcblichen Tischgetr\u00e4nke (Bier, Sekt, Wein, Wasser, Softdrinks). Bitte vergessen Sie nicht, Ihre Sitzw\u00fcnsche anzugeben.","rel":"","context":"\u00c4hnlicher Beitrag","block_context":{"text":"\u00c4hnlicher Beitrag","link":""},"img":{"alt_text":"","src":"","width":0,"height":0},"classes":[]},{"id":4602,"url":"https:\/\/cellerruderverein.de\/?page_id=4602","url_meta":{"origin":1619,"position":2},"title":"Mitgliederversammlung 20.02.2026","author":"Admin","date":"8. Januar 2026","format":false,"excerpt":"Einladung zur ordentlichen Mitgliederversammlung Gem\u00e4\u00df unserer Satzung wird die ordentliche Mitgliederversammlung (Jahreshauptversammlung 2026) des Celler Rudervereins e.V. zumFreitag, den 20. Februar 2026, 19:30 Uhr im Bootshauseinberufen. Tagesordnung:\u00a01. Begr\u00fc\u00dfung durch den Vorsitzenden\u00a02. Best\u00e4tigung des Protokolls der letzten Mitgliederversammlung\u00a03. Entgegennahme der Jahresberichte des Vorstandes\u00a04. Entgegennahme des Berichtes der Kassenpr\u00fcfer 5. Wahl von\u2026","rel":"","context":"\u00c4hnlicher Beitrag","block_context":{"text":"\u00c4hnlicher Beitrag","link":""},"img":{"alt_text":"","src":"","width":0,"height":0},"classes":[]},{"id":34,"url":"https:\/\/cellerruderverein.de\/?page_id=34","url_meta":{"origin":1619,"position":3},"title":"Impressum + Datenschutz","author":"Admin","date":"29. August 2012","format":false,"excerpt":"Angaben gem\u00e4\u00df \u00a7 5 TMG: Celler Ruderverein e.V.Zur Ziegeninsel 529221 Celle Vertreten durch: Ulf Kerstan1. Vorsitzender Kontakt: Telefon: +49 5141 7844 E-Mail: bootshaus(at)cellerruderverein.de \u00a0 \u00a0 Registereintrag: Eintragung im Vereinsregister.Registergericht: Amtsgericht L\u00fcneburgRegisternummer: VR 100128 Quelle: Erstellt mit dem Impressum-Generator eingetragener Verein (e. V.) von eRecht24. Haftungsausschluss: Haftung f\u00fcr Inhalte Die Inhalte\u2026","rel":"","context":"\u00c4hnlicher Beitrag","block_context":{"text":"\u00c4hnlicher Beitrag","link":""},"img":{"alt_text":"","src":"","width":0,"height":0},"classes":[]}],"jetpack_sharing_enabled":true,"jetpack_shortlink":"https:\/\/wp.me\/P3cUVs-q7","jetpack_likes_enabled":false,"_links":{"self":[{"href":"https:\/\/cellerruderverein.de\/index.php?rest_route=\/wp\/v2\/pages\/1619","targetHints":{"allow":["GET"]}}],"collection":[{"href":"https:\/\/cellerruderverein.de\/index.php?rest_route=\/wp\/v2\/pages"}],"about":[{"href":"https:\/\/cellerruderverein.de\/index.php?rest_route=\/wp\/v2\/types\/page"}],"author":[{"embeddable":true,"href":"https:\/\/cellerruderverein.de\/index.php?rest_route=\/wp\/v2\/users\/1"}],"replies":[{"embeddable":true,"href":"https:\/\/cellerruderverein.de\/index.php?rest_route=%2Fwp%2Fv2%2Fcomments&post=1619"}],"version-history":[{"count":47,"href":"https:\/\/cellerruderverein.de\/index.php?rest_route=\/wp\/v2\/pages\/1619\/revisions"}],"predecessor-version":[{"id":4266,"href":"https:\/\/cellerruderverein.de\/index.php?rest_route=\/wp\/v2\/pages\/1619\/revisions\/4266"}],"wp:attachment":[{"href":"https:\/\/cellerruderverein.de\/index.php?rest_route=%2Fwp%2Fv2%2Fmedia&parent=1619"}],"curies":[{"name":"wp","href":"https:\/\/api.w.org\/{rel}","templated":true}]}}