{"id":3947,"date":"2023-09-12T11:10:23","date_gmt":"2023-09-12T09:10:23","guid":{"rendered":"https:\/\/cellerruderverein.de\/?page_id=3947"},"modified":"2023-09-15T08:39:54","modified_gmt":"2023-09-15T06:39:54","slug":"shop","status":"publish","type":"page","link":"https:\/\/cellerruderverein.de\/?page_id=3947","title":{"rendered":"Kartenbestellung Ruderball 2024"},"content":{"rendered":"\n<p>Hier k\u00f6nnen Sie verbindlich Eintrittskarten f\u00fcr den Ruderball des Celler Rudervereins am 10.02.2024 um 19:00 Uhr in der Congress Union Celle bestellen.<\/p>\n\n\n\n<p>Im Preis enthalten sind die \u00fcblichen Tischgetr\u00e4nke (Bier, Sekt, Wein, Wasser, Softdrinks). <a rel=\"noreferrer noopener\" href=\"https:\/\/cellerruderverein.de\/?page_id=3994\" data-type=\"link\" data-id=\"https:\/\/cellerruderverein.de\/?page_id=3994\" target=\"_blank\"><mark style=\"background-color:rgba(0, 0, 0, 0)\" class=\"has-inline-color has-vivid-cyan-blue-color\"><span style=\"text-decoration: underline;\">Bitte vergessen Sie nicht, Ihre Sitzw\u00fcnsche anzugeben.<\/span><\/mark><\/a><\/p>\n","protected":false},"excerpt":{"rendered":"<p>Hier k\u00f6nnen Sie verbindlich Eintrittskarten f\u00fcr den Ruderball des Celler Rudervereins am 10.02.2024 um 19:00 Uhr in der Congress Union Celle bestellen. Im Preis enthalten sind die \u00fcblichen Tischgetr\u00e4nke (Bier, Sekt, Wein, Wasser, Softdrinks). Bitte vergessen Sie nicht, Ihre Sitzw\u00fcnsche anzugeben.<\/p>\n","protected":false},"author":1,"featured_media":0,"parent":0,"menu_order":0,"comment_status":"closed","ping_status":"closed","template":"","meta":{"jetpack_post_was_ever_published":false,"footnotes":""},"class_list":["post-3947","page","type-page","status-publish","hentry"],"jetpack-related-posts":[{"id":1319,"url":"https:\/\/cellerruderverein.de\/?page_id=1319","url_meta":{"origin":3947,"position":0},"title":"Ruderball 2017","author":"Admin","date":"12. April 2016","format":false,"excerpt":"Termin sichern: Samstag, 18. Februar 2017 Noch mag das n\u00e4chste Jahr in weiter Ferne liegen - aber gut Ding braucht Weile: am 18.02.2017 wollen wir zum 60j\u00e4hrigen Geburtstag des Celler Rudervereins einen Jubil\u00e4ums-Ball veranstalten. Um 19.30 Uhr starten wir in der Congress Union Celle und mit der musikalischen Power von\u2026","rel":"","context":"\u00c4hnlicher Beitrag","block_context":{"text":"\u00c4hnlicher Beitrag","link":""},"img":{"alt_text":"","src":"https:\/\/i0.wp.com\/cellerruderverein.de\/wp-content\/uploads\/2016\/04\/Einladung-2016-Postkarte-150x100.jpg?resize=350%2C200","width":350,"height":200},"classes":[]},{"id":4437,"url":"https:\/\/cellerruderverein.de\/?page_id=4437","url_meta":{"origin":3947,"position":1},"title":"Ruderball 2026","author":"Admin","date":"12. August 2025","format":false,"excerpt":"Hier gibt es alle Informationen zum Ruderball 2026 Wann: Samstag, 14.02.2026Wo: Congress Union CelleEinlass: ab 19:00 UhrBand: Deep PassionKosten (inkl. 19% Mwst.):Erwachsene (Vorverkauf bis 24.12.2025): 75,00 \u20ac p.P., danach 85,00 \u20ac p.P.Sch\u00fclerinnen und Sch\u00fcler: 45,00 \u20ac p.P.inkl. Tischgetr\u00e4nke (Wasser, Softdrinks, Bier und Wein) Anmeldung: bitte dieses Online-Formular benutzen und die\u2026","rel":"","context":"\u00c4hnlicher Beitrag","block_context":{"text":"\u00c4hnlicher Beitrag","link":""},"img":{"alt_text":"","src":"https:\/\/i0.wp.com\/cellerruderverein.de\/wp-content\/uploads\/2025\/08\/Ruderball-2026-1-scaled.png?resize=350%2C200&ssl=1","width":350,"height":200,"srcset":"https:\/\/i0.wp.com\/cellerruderverein.de\/wp-content\/uploads\/2025\/08\/Ruderball-2026-1-scaled.png?resize=350%2C200&ssl=1 1x, https:\/\/i0.wp.com\/cellerruderverein.de\/wp-content\/uploads\/2025\/08\/Ruderball-2026-1-scaled.png?resize=525%2C300&ssl=1 1.5x, https:\/\/i0.wp.com\/cellerruderverein.de\/wp-content\/uploads\/2025\/08\/Ruderball-2026-1-scaled.png?resize=700%2C400&ssl=1 2x, https:\/\/i0.wp.com\/cellerruderverein.de\/wp-content\/uploads\/2025\/08\/Ruderball-2026-1-scaled.png?resize=1050%2C600&ssl=1 3x, https:\/\/i0.wp.com\/cellerruderverein.de\/wp-content\/uploads\/2025\/08\/Ruderball-2026-1-scaled.png?resize=1400%2C800&ssl=1 4x"},"classes":[]},{"id":34,"url":"https:\/\/cellerruderverein.de\/?page_id=34","url_meta":{"origin":3947,"position":2},"title":"Impressum + Datenschutz","author":"Admin","date":"29. August 2012","format":false,"excerpt":"Angaben gem\u00e4\u00df \u00a7 5 TMG: Celler Ruderverein e.V.Zur Ziegeninsel 529221 Celle Vertreten durch: Ulf Kerstan1. Vorsitzender Kontakt: Telefon: +49 5141 7844 E-Mail: bootshaus(at)cellerruderverein.de \u00a0 \u00a0 Registereintrag: Eintragung im Vereinsregister.Registergericht: Amtsgericht L\u00fcneburgRegisternummer: VR 100128 Quelle: Erstellt mit dem Impressum-Generator eingetragener Verein (e. V.) von eRecht24. Haftungsausschluss: Haftung f\u00fcr Inhalte Die Inhalte\u2026","rel":"","context":"\u00c4hnlicher Beitrag","block_context":{"text":"\u00c4hnlicher Beitrag","link":""},"img":{"alt_text":"","src":"","width":0,"height":0},"classes":[]}],"jetpack_sharing_enabled":true,"jetpack_shortlink":"https:\/\/wp.me\/P3cUVs-11F","jetpack_likes_enabled":false,"_links":{"self":[{"href":"https:\/\/cellerruderverein.de\/index.php?rest_route=\/wp\/v2\/pages\/3947","targetHints":{"allow":["GET"]}}],"collection":[{"href":"https:\/\/cellerruderverein.de\/index.php?rest_route=\/wp\/v2\/pages"}],"about":[{"href":"https:\/\/cellerruderverein.de\/index.php?rest_route=\/wp\/v2\/types\/page"}],"author":[{"embeddable":true,"href":"https:\/\/cellerruderverein.de\/index.php?rest_route=\/wp\/v2\/users\/1"}],"replies":[{"embeddable":true,"href":"https:\/\/cellerruderverein.de\/index.php?rest_route=%2Fwp%2Fv2%2Fcomments&post=3947"}],"version-history":[{"count":10,"href":"https:\/\/cellerruderverein.de\/index.php?rest_route=\/wp\/v2\/pages\/3947\/revisions"}],"predecessor-version":[{"id":4003,"href":"https:\/\/cellerruderverein.de\/index.php?rest_route=\/wp\/v2\/pages\/3947\/revisions\/4003"}],"wp:attachment":[{"href":"https:\/\/cellerruderverein.de\/index.php?rest_route=%2Fwp%2Fv2%2Fmedia&parent=3947"}],"curies":[{"name":"wp","href":"https:\/\/api.w.org\/{rel}","templated":true}]}}