{"id":440,"date":"2013-03-19T12:18:00","date_gmt":"2013-03-19T11:18:00","guid":{"rendered":"http:\/\/cellerruderverein.de\/?page_id=440"},"modified":"2023-07-17T12:07:05","modified_gmt":"2023-07-17T10:07:05","slug":"kontakt","status":"publish","type":"page","link":"https:\/\/cellerruderverein.de\/?page_id=440","title":{"rendered":"Kontakt"},"content":{"rendered":"<p>Bootshaus:<br \/>Zur Ziegeninsel 5<br \/>29221 Celle<br \/>Tel.: (05141) 7844<\/p>\n<p>Postanschrift:<br \/>Celler Ruderverein e.V.<br \/>Postfach 1567<br \/>29205 Celle<\/p>\n\n\n<div class=\"wp-block-buttons is-layout-flex wp-block-buttons-is-layout-flex\">\n<div class=\"wp-block-button is-style-outline is-style-outline--1\"><a class=\"wp-block-button__link wp-element-button\" href=\"https:\/\/forms.office.com\/e\/W6q42v8TLF\" target=\"_blank\" rel=\"noreferrer noopener\">Kontaktformular<\/a><\/div>\n<\/div>\n","protected":false},"excerpt":{"rendered":"<p>Bootshaus:Zur Ziegeninsel 529221 CelleTel.: (05141) 7844 Postanschrift:Celler Ruderverein e.V.Postfach 156729205 Celle<\/p>\n","protected":false},"author":1,"featured_media":0,"parent":0,"menu_order":0,"comment_status":"closed","ping_status":"closed","template":"","meta":{"jetpack_post_was_ever_published":false,"footnotes":""},"class_list":["post-440","page","type-page","status-publish","hentry"],"jetpack-related-posts":[{"id":3938,"url":"https:\/\/cellerruderverein.de\/?page_id=3938","url_meta":{"origin":440,"position":0},"title":"Sommerfest 2023","author":"Admin","date":"24. Juli 2023","format":false,"excerpt":"CRV - Sommerfest am 02.09.2023 ab 17:00 Uhr Liebe Vereinsmitglieder, unser Sommerfest r\u00fcckt n\u00e4her und uns haben verschiedene Fragen dazu erreicht, die wir Euch gerne beantworten m\u00f6chten: Muss ich mein eigenes Geschirr und Besteck mitbringen? Nein, m\u00fcsst Ihr nicht. Nat\u00fcrlich gibt es auch Geschirr und Besteck aus dem Bootshaus. Wer\u2026","rel":"","context":"\u00c4hnlicher Beitrag","block_context":{"text":"\u00c4hnlicher Beitrag","link":""},"img":{"alt_text":"","src":"","width":0,"height":0},"classes":[]},{"id":1319,"url":"https:\/\/cellerruderverein.de\/?page_id=1319","url_meta":{"origin":440,"position":1},"title":"Ruderball 2017","author":"Admin","date":"12. April 2016","format":false,"excerpt":"Termin sichern: Samstag, 18. Februar 2017 Noch mag das n\u00e4chste Jahr in weiter Ferne liegen - aber gut Ding braucht Weile: am 18.02.2017 wollen wir zum 60j\u00e4hrigen Geburtstag des Celler Rudervereins einen Jubil\u00e4ums-Ball veranstalten. Um 19.30 Uhr starten wir in der Congress Union Celle und mit der musikalischen Power von\u2026","rel":"","context":"\u00c4hnlicher Beitrag","block_context":{"text":"\u00c4hnlicher Beitrag","link":""},"img":{"alt_text":"","src":"https:\/\/i0.wp.com\/cellerruderverein.de\/wp-content\/uploads\/2016\/04\/Einladung-2016-Postkarte-150x100.jpg?resize=350%2C200","width":350,"height":200},"classes":[]},{"id":4437,"url":"https:\/\/cellerruderverein.de\/?page_id=4437","url_meta":{"origin":440,"position":2},"title":"Ruderball 2026","author":"Admin","date":"12. August 2025","format":false,"excerpt":"Hier gibt es alle Informationen zum Ruderball 2026 Wann: Samstag, 14.02.2026Wo: Congress Union CelleEinlass: ab 19:00 UhrBand: Deep PassionKosten (inkl. 19% Mwst.):Erwachsene (Vorverkauf bis 24.12.2025): 75,00 \u20ac p.P., danach 85,00 \u20ac p.P.Sch\u00fclerinnen und Sch\u00fcler: 45,00 \u20ac p.P.inkl. Tischgetr\u00e4nke (Wasser, Softdrinks, Bier und Wein) Anmeldung: bitte dieses Online-Formular benutzen und die\u2026","rel":"","context":"\u00c4hnlicher Beitrag","block_context":{"text":"\u00c4hnlicher Beitrag","link":""},"img":{"alt_text":"","src":"https:\/\/i0.wp.com\/cellerruderverein.de\/wp-content\/uploads\/2025\/08\/Ruderball-2026-1-scaled.png?resize=350%2C200&ssl=1","width":350,"height":200,"srcset":"https:\/\/i0.wp.com\/cellerruderverein.de\/wp-content\/uploads\/2025\/08\/Ruderball-2026-1-scaled.png?resize=350%2C200&ssl=1 1x, https:\/\/i0.wp.com\/cellerruderverein.de\/wp-content\/uploads\/2025\/08\/Ruderball-2026-1-scaled.png?resize=525%2C300&ssl=1 1.5x, https:\/\/i0.wp.com\/cellerruderverein.de\/wp-content\/uploads\/2025\/08\/Ruderball-2026-1-scaled.png?resize=700%2C400&ssl=1 2x, https:\/\/i0.wp.com\/cellerruderverein.de\/wp-content\/uploads\/2025\/08\/Ruderball-2026-1-scaled.png?resize=1050%2C600&ssl=1 3x, https:\/\/i0.wp.com\/cellerruderverein.de\/wp-content\/uploads\/2025\/08\/Ruderball-2026-1-scaled.png?resize=1400%2C800&ssl=1 4x"},"classes":[]},{"id":4149,"url":"https:\/\/cellerruderverein.de\/?page_id=4149","url_meta":{"origin":440,"position":3},"title":"Trainingszeiten im Celler Ruderverein","author":"Admin","date":"19. M\u00e4rz 2024","format":false,"excerpt":"Das Training beginnt in der Regel zu den angegebenen Zeiten, daher bitte bereits ca. 10-15 Minuten vorher f\u00fcr die Einteilung der Boote \/ Mannschaften in Sportkleidung erscheinen. TagUhrzeitZielgruppeAnsprechpartnerMontag18:30 UhrBreitensport ErwachseneStephan BultmannDienstagindividuell16:30 UhrLeistungssportKinder- und JugendtrainingAnf\u00e4nger + FortgeschritteneSonja RumpfMittwochindividuell18:30 UhrLeistungssport Breitensport FrauenEmil ScheerschmidtSonja RumpfDonnerstag16:30 Uhr19:00 UhrKinder- und JugendtrainingAnf\u00e4nger + FortgeschritteneLeistungssportBreitensport ErwachseneSonja RumpfNils\u2026","rel":"","context":"\u00c4hnlicher Beitrag","block_context":{"text":"\u00c4hnlicher Beitrag","link":""},"img":{"alt_text":"","src":"","width":0,"height":0},"classes":[]},{"id":4602,"url":"https:\/\/cellerruderverein.de\/?page_id=4602","url_meta":{"origin":440,"position":4},"title":"Mitgliederversammlung 20.02.2026","author":"Admin","date":"8. Januar 2026","format":false,"excerpt":"Einladung zur ordentlichen Mitgliederversammlung Gem\u00e4\u00df unserer Satzung wird die ordentliche Mitgliederversammlung (Jahreshauptversammlung 2026) des Celler Rudervereins e.V. zumFreitag, den 20. Februar 2026, 19:30 Uhr im Bootshauseinberufen. Tagesordnung:\u00a01. Begr\u00fc\u00dfung durch den Vorsitzenden\u00a02. Best\u00e4tigung des Protokolls der letzten Mitgliederversammlung\u00a03. Entgegennahme der Jahresberichte des Vorstandes\u00a04. Entgegennahme des Berichtes der Kassenpr\u00fcfer 5. Wahl von\u2026","rel":"","context":"\u00c4hnlicher Beitrag","block_context":{"text":"\u00c4hnlicher Beitrag","link":""},"img":{"alt_text":"","src":"","width":0,"height":0},"classes":[]},{"id":34,"url":"https:\/\/cellerruderverein.de\/?page_id=34","url_meta":{"origin":440,"position":5},"title":"Impressum + Datenschutz","author":"Admin","date":"29. August 2012","format":false,"excerpt":"Angaben gem\u00e4\u00df \u00a7 5 TMG: Celler Ruderverein e.V.Zur Ziegeninsel 529221 Celle Vertreten durch: Ulf Kerstan1. Vorsitzender Kontakt: Telefon: +49 5141 7844 E-Mail: bootshaus(at)cellerruderverein.de \u00a0 \u00a0 Registereintrag: Eintragung im Vereinsregister.Registergericht: Amtsgericht L\u00fcneburgRegisternummer: VR 100128 Quelle: Erstellt mit dem Impressum-Generator eingetragener Verein (e. V.) von eRecht24. Haftungsausschluss: Haftung f\u00fcr Inhalte Die Inhalte\u2026","rel":"","context":"\u00c4hnlicher Beitrag","block_context":{"text":"\u00c4hnlicher Beitrag","link":""},"img":{"alt_text":"","src":"","width":0,"height":0},"classes":[]}],"jetpack_sharing_enabled":true,"jetpack_shortlink":"https:\/\/wp.me\/P3cUVs-76","jetpack_likes_enabled":false,"_links":{"self":[{"href":"https:\/\/cellerruderverein.de\/index.php?rest_route=\/wp\/v2\/pages\/440","targetHints":{"allow":["GET"]}}],"collection":[{"href":"https:\/\/cellerruderverein.de\/index.php?rest_route=\/wp\/v2\/pages"}],"about":[{"href":"https:\/\/cellerruderverein.de\/index.php?rest_route=\/wp\/v2\/types\/page"}],"author":[{"embeddable":true,"href":"https:\/\/cellerruderverein.de\/index.php?rest_route=\/wp\/v2\/users\/1"}],"replies":[{"embeddable":true,"href":"https:\/\/cellerruderverein.de\/index.php?rest_route=%2Fwp%2Fv2%2Fcomments&post=440"}],"version-history":[{"count":15,"href":"https:\/\/cellerruderverein.de\/index.php?rest_route=\/wp\/v2\/pages\/440\/revisions"}],"predecessor-version":[{"id":3914,"href":"https:\/\/cellerruderverein.de\/index.php?rest_route=\/wp\/v2\/pages\/440\/revisions\/3914"}],"wp:attachment":[{"href":"https:\/\/cellerruderverein.de\/index.php?rest_route=%2Fwp%2Fv2%2Fmedia&parent=440"}],"curies":[{"name":"wp","href":"https:\/\/api.w.org\/{rel}","templated":true}]}}